{"id":127,"date":"2018-05-22T06:41:48","date_gmt":"2018-05-22T06:41:48","guid":{"rendered":"https:\/\/teltow-osteopathie.de\/?page_id=127"},"modified":"2022-01-17T08:13:08","modified_gmt":"2022-01-17T08:13:08","slug":"datenschutz","status":"publish","type":"page","link":"https:\/\/teltow-osteopathie.de\/?page_id=127","title":{"rendered":"Datenschutz"},"content":{"rendered":"\n<style type=\"text\/css\" data-created_by=\"avia_inline_auto\" id=\"style-css-av-evfk7-129219308e7d41476ad91d2a3451b362\">\n.avia-section.av-evfk7-129219308e7d41476ad91d2a3451b362{\nbackground-repeat:no-repeat;\nbackground-image:url(https:\/\/teltow-osteopathie.de\/wp-content\/uploads\/2018\/01\/daisy-3093413_1280-1030x686.jpg);\nbackground-position:50% 50%;\nbackground-attachment:fixed;\n}\n<\/style>\n<div id='av_section_1'  class='avia-section av-evfk7-129219308e7d41476ad91d2a3451b362 main_color avia-section-default avia-no-border-styling  avia-builder-el-0  el_before_av_textblock  avia-builder-el-first  avia-full-stretch avia-bg-style-fixed av-minimum-height av-minimum-height-25  container_wrap sidebar_right'  data-section-bg-repeat='stretch' data-av_minimum_height_pc='25'><div class='container av-section-cont-open' ><main  role=\"main\" itemprop=\"mainContentOfPage\"  class='template-page content  av-content-small alpha units'><div class='post-entry post-entry-type-page post-entry-127'><div class='entry-content-wrapper clearfix'>\n<section  class='av_textblock_section av-kszw58p0-cdd2508ea616c5bb1fbee305351887ad'  itemscope=\"itemscope\" itemtype=\"https:\/\/schema.org\/CreativeWork\" ><div class='avia_textblock'  itemprop=\"text\" ><h1 style=\"text-align: center;\"><span style=\"color: #ffffff;\">Datenschutz<\/span><\/h1>\n<\/div><\/section>\n<\/div><\/div><\/main><!-- close content main element --><\/div><\/div><div id='after_section_1'  class='main_color av_default_container_wrap container_wrap sidebar_right'  ><div class='container av-section-cont-open' ><div class='template-page content  av-content-small alpha units'><div class='post-entry post-entry-type-page post-entry-127'><div class='entry-content-wrapper clearfix'>\n<section  class='av_textblock_section av-sp9z-369b72648a05577bb3ccf35ad553386b'  itemscope=\"itemscope\" itemtype=\"https:\/\/schema.org\/CreativeWork\" ><div class='avia_textblock'  itemprop=\"text\" ><p><strong>Datenschutzerkl\u00e4rung <\/strong><\/p>\n<ol>\n<li><strong> Allgemeines<\/strong><\/li>\n<\/ol>\n<p>Die folgenden Hinweise geben einen \u00dcberblick dar\u00fcber, was mit Ihren personenbezogenen Daten passiert, wenn Sie unsere Website besuchen. Wenn Sie diese Website benutzen, werden verschiedene personenbezogene Daten erhoben. Personenbezogene Daten sind Daten, mit denen Sie pers\u00f6nlich identifiziert werden k\u00f6nnen.<\/p>\n<ol start=\"2\">\n<li><strong> Hinweis zur verantwortlichen Stelle<\/strong><\/li>\n<\/ol>\n<p>Die verantwortliche Stelle f\u00fcr die Datenverarbeitung auf dieser Website ist:<\/p>\n<p>Christina Schr\u00f6ter<br \/>\nBertholdstrasse 70<br \/>\n14513 Teltow<\/p>\n<p>+49 (0) 3328 \/ 35 65 9 85<\/p>\n<p>Christina.schroeter@c-o-b.de<\/p>\n<p>Verantwortliche Stelle ist die nat\u00fcrliche oder juristische Person, die allein oder gemeinsam mit anderen \u00fcber die Zwecke und Mittel der Verarbeitung von personenbezogenen Daten (z.B. Namen, E-Mail-Adressen o. \u00c4.) entscheidet.<\/p>\n<ol start=\"3\">\n<li style=\"list-style-type: none;\">\n<ol start=\"3\">\n<li><strong> Datenverarbeitung auf unserer\u00a0Website \u00a0 \u00a0\u00a0<\/strong><\/li>\n<\/ol>\n<\/li>\n<\/ol>\n<p><strong>a)Verarbeitete Daten<\/strong><\/p>\n<p>Bei jedem Aufruf unserer Internetseite erfasst das System automatisiert Daten und Informationen von Computersystem des aufrufenden Rechners. Folgende Daten werden hierbei erhoben:<\/p>\n<ul>\n<li>Browsertyp und Browserversion<\/li>\n<li>verwendetes Betriebssystem<\/li>\n<li>Webseite, von denen das System des Nutzers auf unsere Internetseite gelangt<\/li>\n<li>Webseite, die vom System des Nutzers \u00fcber unsere Webseite aufgerufen werden<\/li>\n<li>Hostname des zugreifenden Rechners<\/li>\n<li>Uhrzeit der Serveranfrage<\/li>\n<li>IP-Adresse<\/li>\n<\/ul>\n<p>Die vorgenannten Daten werden in den sogenannten Logfiles unseres Systems gespeichert. Eine Verarbeitung dieser Daten zusammen mit anderen personenbezogenen Daten des Nutzers findet nicht statt.<\/p>\n<p><strong>b)Zwecke der Verarbeitung von Daten<\/strong><\/p>\n<p>Die Speicherung der Daten in Logfiles erfolgt, um die Funktionsf\u00e4higkeit der Webseite sicherzustellen und zur Optimierung der Webseite und Sicherstellung der Sicherheit unseres Systems.<\/p>\n<p><strong>c)Rechtsgrundlage<\/strong><\/p>\n<p>Rechtsgrundlage f\u00fcr die Datenverarbeitung ist Art. 6 Abs. 1 lit. f DSGVO. Die oben genannten Zwecke stellen auch unsere berechtigten Interessen im Sinne des Art. 6 Abs. 1 lit. f DSGVO an der Datenverarbeitung dar.<\/p>\n<p><strong>d)Weitergabe an Dritte<\/strong><\/p>\n<p>Die personenbezogenen Daten, die auf dieser Webseite verarbeitet werden, werden nicht an Dritte weitergegeben.<\/p>\n<p><strong>e)Datenl\u00f6schung und Speicherdauer<\/strong><\/p>\n<p>Die Speicherung der Daten in Logfiles erfolgt f\u00fcr maximal 7 Tage. Eine dar\u00fcber hinausgehende Speicherung ist m\u00f6glich. In diesem Fall werden die IP-Adressen der Nutzer gel\u00f6scht oder verfremdet, sodass eine Zuordnung des aufrufenden Clients nicht mehr m\u00f6glich ist.<\/p>\n<p><strong>f)Keine gesetzliche oder vertragliche Pflicht zur Datenverarbeitung<\/strong><\/p>\n<p>Die Datenverarbeitung ist zwar nicht gesetzlich oder vertraglich vorgeschrieben, sie ist aber erforderlich, um Ihnen entsprechend dem oben genannten Zweck diese Webseite zur Verf\u00fcgung zu stellen.<\/p>\n<ol start=\"5\">\n<li style=\"list-style-type: none;\">\n<ol start=\"5\">\n<li><strong> Rechte des Betroffenen<\/strong><\/li>\n<\/ol>\n<\/li>\n<\/ol>\n<p><strong>a)Widerruf der Einwilligung zur Datenverarbeitung<\/strong><\/p>\n<p>Viele Datenverarbeitungsvorg\u00e4nge sind nur mit Ihrer ausdr\u00fccklichen Einwilligung m\u00f6glich. Sie k\u00f6nnen eine bereits erteilte Einwilligung jederzeit widerrufen. Dazu reicht eine formlose Mitteilung per E-Mail an uns. Die Rechtm\u00e4\u00dfigkeit der bis zum Widerruf erfolgten Datenverarbeitung bleibt vom Widerruf unber\u00fchrt.<\/p>\n<p><strong> b)Beschwerderecht bei der zust\u00e4ndigen Aufsichtsbeh\u00f6rde<\/strong><\/p>\n<p>Im Falle datenschutzrechtlicher Verst\u00f6\u00dfe steht dem Betroffenen ein Beschwerderecht bei der zust\u00e4ndigen Aufsichtsbeh\u00f6rde zu. Zust\u00e4ndige Aufsichtsbeh\u00f6rde in datenschutzrechtlichen Fragen ist grunds\u00e4tzlich der Landesdatenschutzbeauftragte des Bundeslandes, in dem unser Unternehmen seinen Sitz hat. Eine Liste der Datenschutzbeauftragten sowie deren Kontaktdaten k\u00f6nnen folgendem Link entnommen werden:\u00a0<u>https:\/\/www.bfdi.bund.de\/DE\/Infothek\/Anschriften_Links\/anschriften_links-node.html<\/u>.<\/p>\n<p><strong> c)Auskunft, Sperrung, L\u00f6schung, Berichtigung, Einschr\u00e4nkung der Datenverarbeitung, Widerspruchsrecht<\/strong><\/p>\n<p>Sie haben im Rahmen der geltenden gesetzlichen Bestimmungen jederzeit das Recht auf unentgeltliche Auskunft \u00fcber Ihre gespeicherten personenbezogenen Daten, deren Herkunft und Empf\u00e4nger und den Zweck der Datenverarbeitung und ein Recht auf Berichtigung, Sperrung oder L\u00f6schung dieser Daten sowie der Einschr\u00e4nkung der Verarbeitung sowie ein Recht auf Widerspruch gegen die Datenverarbeitung. Hierzu sowie zu weiteren Fragen zum Thema personenbezogene Daten k\u00f6nnen Sie sich jederzeit unter der im Impressum angegebenen Adresse an uns wenden.<\/p>\n<p><strong>d) Recht auf Daten\u00fcbertragbarkeit<\/strong><\/p>\n<p>Sie haben das Recht, Daten, die wir auf Grundlage Ihrer Einwilligung oder in Erf\u00fcllung eines Vertrags automatisiert verarbeiten, an sich oder an einen Dritten in einem g\u00e4ngigen, maschinenlesbaren Format aush\u00e4ndigen zu lassen. Sofern Sie die direkte \u00dcbertragung der Daten an einen anderen Verantwortlichen verlangen, erfolgt dies nur, soweit es technisch machbar ist.<\/p>\n<ol start=\"6\">\n<li><strong> Automatisierte Entscheidungsfindung<\/strong><\/li>\n<\/ol>\n<p>Ein Verfahren zur automatisierten Entscheidungsfindung kommt nicht zum Einsatz.<\/p>\n<ol start=\"7\">\n<li><strong> SSL- bzw. TLS-Verschl\u00fcsselung<\/strong><\/li>\n<\/ol>\n<p>Diese Seite nutzt aus Sicherheitsgr\u00fcnden und zum Schutz der \u00dcbertragung vertraulicher Inhalte, wie zum Beispiel Bestellungen oder Anfragen, die Sie an uns als Seitenbetreiber senden, eine SSL-bzw. TLS-Verschl\u00fcsselung. Eine verschl\u00fcsselte Verbindung erkennen Sie daran, dass die Adresszeile des Browsers von \u201chttp:\/\/\u201d auf \u201chttps:\/\/\u201d wechselt und an dem Schloss-Symbol in Ihrer Browserzeile.<\/p>\n<p>Wenn die SSL- bzw. TLS-Verschl\u00fcsselung aktiviert ist, k\u00f6nnen die Daten, die Sie an uns \u00fcbermitteln, nicht von Dritten mitgelesen werden.<\/p>\n<ol start=\"8\">\n<li><strong> Terminbuchung<\/strong><\/li>\n<\/ol>\n<p>Personenbezogene Daten werden im Rahmen unserer Online-Terminbuchung im Auftrag durch die etermin GmbH sowie Microsoft nur im notwendigen Umfang erhoben und verarbeitet. Mit der etermin GmbH und Microsoft wurden aus diesem Grund Vereinbarungen zur Auftragsverarbeitung gem. Art. 28 DSGVO getroffen. Lediglich die gesondert gekennzeichneten Datenfelder beinhalten Pflichtangaben; diese Angaben sind f\u00fcr die Nutzung des Dienstes unerl\u00e4sslich (Art. 6 Abs. 1 S. 1 lit. b DSGVO). Die Angabe weiterer Daten kann hilfreich sein, ist aber nicht zwingend (freiwillige Angaben, Art. 6 Abs. 1 S. 1 lit. a DSGVO). Wir verarbeiten und speichern Ihre personenbezogenen Daten, solange es f\u00fcr die Erf\u00fcllung unserer vertraglichen und gesetzlichen Pflichten erforderlich ist. Sofern die Speicherung personenbezogener Daten zur Erf\u00fcllung dieser Pflichten nicht mehr erforderlich ist, werden diese gel\u00f6scht, es sei denn, es bestehen gesetzliche Aufbewahrungspflichten.<\/p>\n<ol start=\"9\">\n<li><strong> Datenschutzbeauftragter <\/strong><\/li>\n<\/ol>\n<p><em>Zur Benennung eines Datenschutzbeauftragten sind wir nicht verpflichtet.<\/em><\/p>\n<p><strong><em>Stand: Mai 2018<\/em><\/strong><\/p>\n<\/div><\/section>\n","protected":false},"excerpt":{"rendered":"","protected":false},"author":1,"featured_media":0,"parent":0,"menu_order":1,"comment_status":"closed","ping_status":"closed","template":"","meta":{"footnotes":""},"class_list":["post-127","page","type-page","status-publish","hentry"],"_links":{"self":[{"href":"https:\/\/teltow-osteopathie.de\/index.php?rest_route=\/wp\/v2\/pages\/127","targetHints":{"allow":["GET"]}}],"collection":[{"href":"https:\/\/teltow-osteopathie.de\/index.php?rest_route=\/wp\/v2\/pages"}],"about":[{"href":"https:\/\/teltow-osteopathie.de\/index.php?rest_route=\/wp\/v2\/types\/page"}],"author":[{"embeddable":true,"href":"https:\/\/teltow-osteopathie.de\/index.php?rest_route=\/wp\/v2\/users\/1"}],"replies":[{"embeddable":true,"href":"https:\/\/teltow-osteopathie.de\/index.php?rest_route=%2Fwp%2Fv2%2Fcomments&post=127"}],"version-history":[{"count":7,"href":"https:\/\/teltow-osteopathie.de\/index.php?rest_route=\/wp\/v2\/pages\/127\/revisions"}],"predecessor-version":[{"id":202,"href":"https:\/\/teltow-osteopathie.de\/index.php?rest_route=\/wp\/v2\/pages\/127\/revisions\/202"}],"wp:attachment":[{"href":"https:\/\/teltow-osteopathie.de\/index.php?rest_route=%2Fwp%2Fv2%2Fmedia&parent=127"}],"curies":[{"name":"wp","href":"https:\/\/api.w.org\/{rel}","templated":true}]}}