{"id":158,"date":"2021-09-01T07:20:02","date_gmt":"2021-09-01T07:20:02","guid":{"rendered":"https:\/\/teltow-osteopathie.de\/?page_id=158"},"modified":"2023-01-02T06:09:46","modified_gmt":"2023-01-02T06:09:46","slug":"leistungen","status":"publish","type":"page","link":"https:\/\/teltow-osteopathie.de\/?page_id=158","title":{"rendered":"Leistungen"},"content":{"rendered":"\n<style type=\"text\/css\" data-created_by=\"avia_inline_auto\" id=\"style-css-av-evfk7-129219308e7d41476ad91d2a3451b362\">\n.avia-section.av-evfk7-129219308e7d41476ad91d2a3451b362{\nbackground-repeat:no-repeat;\nbackground-image:url(https:\/\/teltow-osteopathie.de\/wp-content\/uploads\/2018\/01\/daisy-3093413_1280-1030x686.jpg);\nbackground-position:50% 50%;\nbackground-attachment:fixed;\n}\n<\/style>\n<div id='av_section_1'  class='avia-section av-evfk7-129219308e7d41476ad91d2a3451b362 main_color avia-section-default avia-no-border-styling  avia-builder-el-0  el_before_av_three_fifth  avia-builder-el-first  avia-full-stretch avia-bg-style-fixed av-minimum-height av-minimum-height-25  container_wrap sidebar_right'  data-section-bg-repeat='stretch' data-av_minimum_height_pc='25'><div class='container av-section-cont-open' ><main  role=\"main\" itemprop=\"mainContentOfPage\"  class='template-page content  av-content-small alpha units'><div class='post-entry post-entry-type-page post-entry-158'><div class='entry-content-wrapper clearfix'>\n<section  class='av_textblock_section av-kszw58p0-cdd2508ea616c5bb1fbee305351887ad'  itemscope=\"itemscope\" itemtype=\"https:\/\/schema.org\/CreativeWork\" ><div class='avia_textblock'  itemprop=\"text\" ><h1 style=\"text-align: center;\"><span style=\"color: #ffffff;\">Leistungen<\/span><\/h1>\n<\/div><\/section>\n<\/div><\/div><\/main><!-- close content main element --><\/div><\/div><div id='after_section_1'  class='main_color av_default_container_wrap container_wrap sidebar_right'  ><div class='container av-section-cont-open' ><div class='template-page content  av-content-small alpha units'><div class='post-entry post-entry-type-page post-entry-158'><div class='entry-content-wrapper clearfix'>\n\n<style type=\"text\/css\" data-created_by=\"avia_inline_auto\" id=\"style-css-av-229ofq-0a88df9b15de011ca581eb7dc5ab6c3c\">\n.flex_column.av-229ofq-0a88df9b15de011ca581eb7dc5ab6c3c{\n-webkit-border-radius:0px 0px 0px 0px;\n-moz-border-radius:0px 0px 0px 0px;\nborder-radius:0px 0px 0px 0px;\npadding:0px 0px 0px 0px;\n}\n<\/style>\n<div class='flex_column av-229ofq-0a88df9b15de011ca581eb7dc5ab6c3c av_three_fifth  avia-builder-el-2  el_after_av_section  el_before_av_one_third  avia-builder-el-first  first flex_column_div av-zero-column-padding '     ><section  class='av_textblock_section av-sp9z-89b37ed6cae57da8b3cf18c68d392882'  itemscope=\"itemscope\" itemtype=\"https:\/\/schema.org\/CreativeWork\" ><div class='avia_textblock'  itemprop=\"text\" ><h6>Classische Osteopathie in Teltow\u00a0ist eine \u201cHeilpraktikerpraxis f\u00fcr Osteopathie\u201d.<\/h6>\n<h4><\/h4>\n<p>Wir sind Mitglied im Verband der Osteopathen Deutschland (VOD) und Heilpraktiker (HP). Damit erf\u00fcllen wir alle Voraussetzungen, dass viele gesetzliche Krankenkassen Ihre Behandlung in unserer Praxis bezuschussen. Je nach gew\u00e4hltem Tarif und Satzungsleistung \u00fcbernehmen private Krankenkassen und private Zusatzversicherungen nach unseren Erfahrungen die Behandlungskosten meist ganz oder teilweise.\u00a0Auch viele gesetzliche Krankenkassen bezuschussen mittlerweise die osteopathische Behandlung. Befragen Sie gern Ihre Krankenkasse, ob und unter welchen Voraussetzungen sie die Behandlungskosten \u00fcbernimmt. Einige Krankenkassen ben\u00f6tigen eine Empfehlung oder ein Privatrezept vom Arzt. Bitte erkundigen Sie sich vor der ersten Behandlung und besorgen Sie auch eine Verordnung vor unserem Termin.<\/p>\n<p>Die Abrechnung erfolgt nach der Geb\u00fchrenordnung f\u00fcr Heilpraktiker (GeB\u00fcH).<\/p>\n<p>Vereinbarte Termine m\u00fcssen 24 Stunden im Voraus abgesagt werden, anderenfalls wird eine privat zu leistende Ausfallrechnung gestellt.<\/p>\n<p>Die Praxis ist eine reine Bestellpraxis, Termine werden nur nach Absprache vergeben.<\/p>\n<\/div><\/section><\/div>\n\n<style type=\"text\/css\" data-created_by=\"avia_inline_auto\" id=\"style-css-av-1v5c1i-20f160ac386215d9b37f0661c4edc8e6\">\n.flex_column.av-1v5c1i-20f160ac386215d9b37f0661c4edc8e6{\n-webkit-border-radius:0px 0px 0px 0px;\n-moz-border-radius:0px 0px 0px 0px;\nborder-radius:0px 0px 0px 0px;\npadding:0px 0px 0px 0px;\n}\n<\/style>\n<div class='flex_column av-1v5c1i-20f160ac386215d9b37f0661c4edc8e6 av_one_third  avia-builder-el-4  el_after_av_three_fifth  avia-builder-el-last  flex_column_div av-zero-column-padding '     ><div class='avia-data-table-wrap av-1pvdb2-9300bcc4d44ee76008e1c3de33d36f1a avia_responsive_table avia-table-1'><table  class='avia-table avia-data-table avia_pricing_default  avia-builder-el-5  avia-builder-el-no-sibling '  itemscope=\"itemscope\" itemtype=\"https:\/\/schema.org\/Table\" ><tbody><tr class='avia-heading-row'><th class=''>Behandlung bei Christina Schr\u00f6ter<\/th><th class='avia-center-col'>Preis<\/th><\/tr><tr class=''><td class=''>Erwachsene Dauer ca. 45min<\/td><td class='avia-center-col'>90\u20ac<\/td><\/tr><tr class=''><td class=''>Kinder\/S\u00e4uglinge Dauer 30-45 min<\/td><td class='avia-center-col'>90\u20ac<\/td><\/tr><\/tbody><\/table><\/div><style type='text\/css'>.avia-table-1 td:nth-of-type(1):before { content: 'Behandlung bei Christina Schr\u00f6ter'; } .avia-table-1 td:nth-of-type(2):before { content: 'Preis'; } <\/style><\/div>\n","protected":false},"excerpt":{"rendered":"","protected":false},"author":1,"featured_media":0,"parent":0,"menu_order":0,"comment_status":"closed","ping_status":"closed","template":"","meta":{"footnotes":""},"class_list":["post-158","page","type-page","status-publish","hentry"],"_links":{"self":[{"href":"https:\/\/teltow-osteopathie.de\/index.php?rest_route=\/wp\/v2\/pages\/158","targetHints":{"allow":["GET"]}}],"collection":[{"href":"https:\/\/teltow-osteopathie.de\/index.php?rest_route=\/wp\/v2\/pages"}],"about":[{"href":"https:\/\/teltow-osteopathie.de\/index.php?rest_route=\/wp\/v2\/types\/page"}],"author":[{"embeddable":true,"href":"https:\/\/teltow-osteopathie.de\/index.php?rest_route=\/wp\/v2\/users\/1"}],"replies":[{"embeddable":true,"href":"https:\/\/teltow-osteopathie.de\/index.php?rest_route=%2Fwp%2Fv2%2Fcomments&post=158"}],"version-history":[{"count":9,"href":"https:\/\/teltow-osteopathie.de\/index.php?rest_route=\/wp\/v2\/pages\/158\/revisions"}],"predecessor-version":[{"id":216,"href":"https:\/\/teltow-osteopathie.de\/index.php?rest_route=\/wp\/v2\/pages\/158\/revisions\/216"}],"wp:attachment":[{"href":"https:\/\/teltow-osteopathie.de\/index.php?rest_route=%2Fwp%2Fv2%2Fmedia&parent=158"}],"curies":[{"name":"wp","href":"https:\/\/api.w.org\/{rel}","templated":true}]}}