{"id":38,"date":"2018-01-25T13:28:07","date_gmt":"2018-01-25T13:28:07","guid":{"rendered":"http:\/\/teltow-osteopathie.de\/?page_id=38"},"modified":"2022-01-16T17:32:10","modified_gmt":"2022-01-16T17:32:10","slug":"impressum","status":"publish","type":"page","link":"https:\/\/teltow-osteopathie.de\/?page_id=38","title":{"rendered":"Impressum"},"content":{"rendered":"\n<p><\/p>\n\n\n\n<style type=\"text\/css\" data-created_by=\"avia_inline_auto\" id=\"style-css-av-8nk2u-8ffa2ff88ac0482ac9bfd0e830823a0f\">\n.avia-section.av-8nk2u-8ffa2ff88ac0482ac9bfd0e830823a0f{\nbackground-repeat:no-repeat;\nbackground-image:url(https:\/\/teltow-osteopathie.de\/wp-content\/uploads\/2018\/01\/book-2911140_1920-1030x621.jpg);\nbackground-position:50% 50%;\nbackground-attachment:fixed;\n}\n<\/style>\n<div id='av_section_1'  class='avia-section av-8nk2u-8ffa2ff88ac0482ac9bfd0e830823a0f main_color avia-section-default avia-no-border-styling  avia-builder-el-0  el_before_av_three_fourth  avia-builder-el-first  avia-full-stretch avia-bg-style-fixed av-minimum-height av-minimum-height-25  container_wrap sidebar_right'  data-section-bg-repeat='stretch' data-av_minimum_height_pc='25'><div class='container av-section-cont-open' ><main  role=\"main\" itemprop=\"mainContentOfPage\"  class='template-page content  av-content-small alpha units'><div class='post-entry post-entry-type-page post-entry-38'><div class='entry-content-wrapper clearfix'>\n<section  class='av_textblock_section av-80izm-f1c38a7a245e03172cc370fa77274644'  itemscope=\"itemscope\" itemtype=\"https:\/\/schema.org\/CreativeWork\" ><div class='avia_textblock'  itemprop=\"text\" ><h1 style=\"text-align: center;\"><span style=\"color: #ffffff;\">Impressum<\/span><\/h1>\n<\/div><\/section>\n<\/div><\/div><\/main><!-- close content main element --><\/div><\/div><div id='after_section_1'  class='main_color av_default_container_wrap container_wrap sidebar_right'  ><div class='container av-section-cont-open' ><div class='template-page content  av-content-small alpha units'><div class='post-entry post-entry-type-page post-entry-38'><div class='entry-content-wrapper clearfix'>\n\n<style type=\"text\/css\" data-created_by=\"avia_inline_auto\" id=\"style-css-av-7d1dy-f358e985b9ae8a1da0bcfe300d5a4fd6\">\n.flex_column.av-7d1dy-f358e985b9ae8a1da0bcfe300d5a4fd6{\n-webkit-border-radius:0px 0px 0px 0px;\n-moz-border-radius:0px 0px 0px 0px;\nborder-radius:0px 0px 0px 0px;\npadding:0px 0px 0px 0px;\n}\n<\/style>\n<div class='flex_column av-7d1dy-f358e985b9ae8a1da0bcfe300d5a4fd6 av_three_fourth  avia-builder-el-2  el_after_av_section  el_before_av_three_fourth  avia-builder-el-first  first flex_column_div av-zero-column-padding '     ><section  class='av_textblock_section av-6va6u-f05a03ba5c8ef4f867360454e17444b4'  itemscope=\"itemscope\" itemtype=\"https:\/\/schema.org\/CreativeWork\" ><div class='avia_textblock'  itemprop=\"text\" ><h4>Heilpraktikerin Christina Schr\u00f6ter<\/h4>\n<p><span style=\"color: #808080;\">Bertholdstrasse 70<\/span><br \/>\n<span style=\"color: #808080;\">14513 Teltow<\/span><br \/>\n<span style=\"color: #808080;\">+49 (0) 3328 \/ 35 65 985<\/span><br \/>\n<span style=\"color: #808080;\">Christina.schroeter (at) c-o-b.de<\/span><br \/>\n<span style=\"color: #808080;\">www.teltow-osteopathie.de<\/span><\/p>\n<\/div><\/section><\/div>\n<style type=\"text\/css\" data-created_by=\"avia_inline_auto\" id=\"style-css-av-6feyy-f39ee16f2bd2bfca6844a1c41f069a6c\">\n.flex_column.av-6feyy-f39ee16f2bd2bfca6844a1c41f069a6c{\n-webkit-border-radius:0px 0px 0px 0px;\n-moz-border-radius:0px 0px 0px 0px;\nborder-radius:0px 0px 0px 0px;\npadding:0px 0px 0px 0px;\n}\n<\/style>\n<div class='flex_column av-6feyy-f39ee16f2bd2bfca6844a1c41f069a6c av_three_fourth  avia-builder-el-4  el_after_av_three_fourth  el_before_av_three_fourth  first flex_column_div av-zero-column-padding column-top-margin'     ><section  class='av_textblock_section av-5id2u-082f90f7458a71d87c9135e2698aa764'  itemscope=\"itemscope\" itemtype=\"https:\/\/schema.org\/CreativeWork\" ><div class='avia_textblock'  itemprop=\"text\" ><h4>Zust\u00e4ndige Aufsichtsbeh\u00f6rde<\/h4>\n<div class=\"page\" title=\"Page 1\">\n<div class=\"layoutArea\">\n<div class=\"column\">\n<p><span style=\"color: #808080;\">Landkreis Potsdam-Mittelmark Fachdienst Gesundheit<\/span><\/p>\n<p><span style=\"color: #808080;\">Niem\u00f6llerstr. 1<\/span><\/p>\n<p><span style=\"color: #808080;\">14806 Bad Belzig<\/span><\/p>\n<\/div>\n<\/div>\n<\/div>\n<h4>Berufsbezeichnung<\/h4>\n<p><span style=\"color: #808080;\">Heilpraktiker, verliehen am 04.12.2012 in der Bundesrepublik Deutschland, durch das Landratsamt Potsdam Mittelmark<\/span><\/p>\n<\/div><\/section><\/div><\/p>\n\n<style type=\"text\/css\" data-created_by=\"avia_inline_auto\" id=\"style-css-av-4w8ea-999b7e4854011a4cd6fd7acd4403a960\">\n.flex_column.av-4w8ea-999b7e4854011a4cd6fd7acd4403a960{\n-webkit-border-radius:0px 0px 0px 0px;\n-moz-border-radius:0px 0px 0px 0px;\nborder-radius:0px 0px 0px 0px;\npadding:0px 0px 0px 0px;\n}\n<\/style>\n<div class='flex_column av-4w8ea-999b7e4854011a4cd6fd7acd4403a960 av_three_fourth  avia-builder-el-6  el_after_av_three_fourth  el_before_av_three_fourth  first flex_column_div av-zero-column-padding column-top-margin'     ><section  class='av_textblock_section av-4rama-ec6f3587a977897f879b301aaae91888'  itemscope=\"itemscope\" itemtype=\"https:\/\/schema.org\/CreativeWork\" ><div class='avia_textblock'  itemprop=\"text\" ><h4>Berufsrechtliche Regelungen<\/h4>\n<p><span style=\"color: #808080;\">Gesetz \u00fcber die berufsm\u00e4\u00dfige Aus\u00fcbung der Heilkunde ohne Bestallung, Heilpraktikergesetz,<\/span><br \/>\n<span style=\"color: #808080;\">BGBl., III 2122-2<\/span><br \/>\n<span style=\"color: #808080;\">Durchf\u00fchrungsverordnung zum Heilpraktikergesetz,<\/span><br \/>\n<span style=\"color: #808080;\">BGBl., III 2122-2-1<\/span><\/p>\n<p><span style=\"color: #808080;\">Der Titel \u201e<em>Heilpraktiker<\/em>\u201c ist eine in Deutschland nach dem Heilpraktikergesetz (HPG) vom 17.2.1939 erteilte Berufsbezeichnung. \u00dcber den Antrag auf Erteilung entscheidet nach der Durchf\u00fchrungsverordnung zum Heilpraktikergesetz (DVO) vom 18.02.1939 die Untere Verwaltungsbeh\u00f6rde.<\/span><\/p>\n<\/div><\/section><\/div>\n\n<style type=\"text\/css\" data-created_by=\"avia_inline_auto\" id=\"style-css-av-41c4m-a85e1153f821df8dd5c28eb381478294\">\n.flex_column.av-41c4m-a85e1153f821df8dd5c28eb381478294{\n-webkit-border-radius:0px 0px 0px 0px;\n-moz-border-radius:0px 0px 0px 0px;\nborder-radius:0px 0px 0px 0px;\npadding:0px 0px 0px 0px;\n}\n<\/style>\n<div class='flex_column av-41c4m-a85e1153f821df8dd5c28eb381478294 av_three_fourth  avia-builder-el-8  el_after_av_three_fourth  el_before_av_three_fourth  first flex_column_div av-zero-column-padding column-top-margin'     ><section  class='av_textblock_section av-3jq6e-52b881ae8dd6d662484faf62fc940388'  itemscope=\"itemscope\" itemtype=\"https:\/\/schema.org\/CreativeWork\" ><div class='avia_textblock'  itemprop=\"text\" ><h4>Inhaltlich Verantwortlich f\u00fcr die Webseite<\/h4>\n<p><span style=\"color: #808080;\">Heilpraktikerin Christina Schr\u00f6ter<\/span><\/p>\n<p><span style=\"color: #808080;\">Bertholdstrasse 70<\/span><br \/>\n<span style=\"color: #808080;\">14513 Teltow<\/span><br \/>\n<span style=\"color: #808080;\">+49 (0) 3328 \/ 35 65 985<\/span><br \/>\n<span style=\"color: #808080;\">Christina.schroeter@c-o-b.de<\/span><\/p>\n<\/div><\/section><\/div>\n<style type=\"text\/css\" data-created_by=\"avia_inline_auto\" id=\"style-css-av-2qyre-233cd1077af8e1521c47ab77ff11b51a\">\n.flex_column.av-2qyre-233cd1077af8e1521c47ab77ff11b51a{\n-webkit-border-radius:0px 0px 0px 0px;\n-moz-border-radius:0px 0px 0px 0px;\nborder-radius:0px 0px 0px 0px;\npadding:0px 0px 0px 0px;\n}\n<\/style>\n<div class='flex_column av-2qyre-233cd1077af8e1521c47ab77ff11b51a av_three_fourth  avia-builder-el-10  el_after_av_three_fourth  el_before_av_three_fourth  first flex_column_div av-zero-column-padding column-top-margin'     ><section  class='av_textblock_section av-20ir6-3e1ee2b8cc662358dd31d39bf69fdc61'  itemscope=\"itemscope\" itemtype=\"https:\/\/schema.org\/CreativeWork\" ><div class='avia_textblock'  itemprop=\"text\" ><h4>Haftungsausschluss<\/h4>\n<p><span style=\"color: #808080;\">Laut dem Entscheid des Landesgerichts Hamburg vom 12.5.98 hat jeder Betreiber einer Website die Inhalte verlinkter Webseiten ggf. mitzuverantworten. Hiermit distanziere ich mich von etwaigen illegalen, pers\u00f6nlichkeitsverletzenden, moralisch oder ethisch anst\u00f6\u00dfigen Inhalten auf Seiten, die direkt oder indirekt \u00fcber externe Links auf dieser Webseite erreichbar sind.<\/span><\/p>\n<p><span style=\"color: #808080;\">Sollten auf dieser Seite in irgendeiner Form Links gesetzt, Texte und\/oder andere Inhalte verwendet worden sein, die eine urheberrechtliche Verletzung bedeuten bzw. die stillschweigende Erlaubnis der Verlinkung verletzen so teilen Sie\u00a0<a style=\"color: #808080;\" href=\"mailto:info@liepelt-osteopathie.de\">mir<\/a>\u00a0das\u00a0bitte mit.<\/span><\/p>\n<\/div><\/section><\/div><\/p>\n\n<style type=\"text\/css\" data-created_by=\"avia_inline_auto\" id=\"style-css-av-1jw2e-482e06b72940970508b5ba887c6ebe88\">\n.flex_column.av-1jw2e-482e06b72940970508b5ba887c6ebe88{\n-webkit-border-radius:0px 0px 0px 0px;\n-moz-border-radius:0px 0px 0px 0px;\nborder-radius:0px 0px 0px 0px;\npadding:0px 0px 0px 0px;\n}\n<\/style>\n<div class='flex_column av-1jw2e-482e06b72940970508b5ba887c6ebe88 av_three_fourth  avia-builder-el-12  el_after_av_three_fourth  avia-builder-el-last  first flex_column_div av-zero-column-padding column-top-margin'     ><section  class='av_textblock_section av-u7zq-810598b6c874200d3bc42b632bc7b843'  itemscope=\"itemscope\" itemtype=\"https:\/\/schema.org\/CreativeWork\" ><div class='avia_textblock'  itemprop=\"text\" ><h4>Webtechnologien<\/h4>\n<p><span style=\"color: #808080;\">Die Seite basiert auf dem Template\u00a0<em>enfold,\u00a0<\/em>welches\u00a0\u00fcber\u00a0<a style=\"color: #808080;\" href=\"http:\/\/themeforest.net\/\" target=\"_blank\" rel=\"noopener\">themeforest.net<\/a>\u00a0k\u00e4uflich erworben werden kann. Als Content Management System (CMS) wird\u00a0<a style=\"color: #808080;\" href=\"http:\/\/wordpress.org\/\" target=\"_blank\" rel=\"noopener\">WordPress<\/a>\u00a0benutzt.<\/span><\/p>\n<\/div><\/section><\/div>\n","protected":false},"excerpt":{"rendered":"","protected":false},"author":1,"featured_media":0,"parent":0,"menu_order":1,"comment_status":"closed","ping_status":"closed","template":"","meta":{"footnotes":""},"class_list":["post-38","page","type-page","status-publish","hentry"],"_links":{"self":[{"href":"https:\/\/teltow-osteopathie.de\/index.php?rest_route=\/wp\/v2\/pages\/38","targetHints":{"allow":["GET"]}}],"collection":[{"href":"https:\/\/teltow-osteopathie.de\/index.php?rest_route=\/wp\/v2\/pages"}],"about":[{"href":"https:\/\/teltow-osteopathie.de\/index.php?rest_route=\/wp\/v2\/types\/page"}],"author":[{"embeddable":true,"href":"https:\/\/teltow-osteopathie.de\/index.php?rest_route=\/wp\/v2\/users\/1"}],"replies":[{"embeddable":true,"href":"https:\/\/teltow-osteopathie.de\/index.php?rest_route=%2Fwp%2Fv2%2Fcomments&post=38"}],"version-history":[{"count":15,"href":"https:\/\/teltow-osteopathie.de\/index.php?rest_route=\/wp\/v2\/pages\/38\/revisions"}],"predecessor-version":[{"id":190,"href":"https:\/\/teltow-osteopathie.de\/index.php?rest_route=\/wp\/v2\/pages\/38\/revisions\/190"}],"wp:attachment":[{"href":"https:\/\/teltow-osteopathie.de\/index.php?rest_route=%2Fwp%2Fv2%2Fmedia&parent=38"}],"curies":[{"name":"wp","href":"https:\/\/api.w.org\/{rel}","templated":true}]}}